{"id":701,"date":"2011-05-20T18:49:43","date_gmt":"2011-05-20T18:49:43","guid":{"rendered":"http:\/\/wpthemetestdata.wordpress.com\/?page_id=701"},"modified":"2022-07-26T10:20:38","modified_gmt":"2022-07-26T10:20:38","slug":"front-page","status":"publish","type":"page","link":"http:\/\/bahadinyaslanmavakfi.com\/tr\/","title":{"rendered":"\u00d6n Sayfa"},"content":{"rendered":"<p>[vc_row][vc_column]\n\n    <main  class=\"main\">\n        <div class=\"rev_slider_wrapper\">\n            <div id=\"rev_slider\" class=\"rev_slider fullscreenbanner\" data-version=\"5.0.7\">\n\n\n\t\t\t\t\n\n\t\t\t\t\t\t\t<script src=\"\/\/bahadinyaslanmavakfi.com\/wp-content\/plugins\/revslider\/public\/assets\/js\/rbtools.min.js?rev=6.5.25\"><\/script>\n\t\t\t<script src=\"\/\/bahadinyaslanmavakfi.com\/wp-content\/plugins\/revslider\/public\/assets\/js\/rs6.min.js?rev=6.5.25\"><\/script>\n\n\t\t\t<!-- START home 1 REVOLUTION SLIDER 6.5.25 --><p class=\"rs-p-wp-fix\"><\/p>\n\t\t\t<rs-module-wrap id=\"rev_slider_6_1_wrapper\" data-source=\"gallery\" style=\"visibility:hidden;background:transparent;padding:0;\">\n\t\t\t\t<rs-module id=\"rev_slider_6_1\" style=\"\" data-version=\"6.5.25\">\n\t\t\t\t\t<rs-slides>\n\t\t\t\t\t\t<rs-slide style=\"position: absolute;\" data-key=\"rs-17\" data-title=\"Slide 1\" data-duration=\"8000\" data-in=\"o:0;\" data-out=\"a:false;\">\n\t\t\t\t\t\t\t<img src=\"\/\/bahadinyaslanmavakfi.com\/wp-content\/plugins\/revslider\/public\/assets\/assets\/dummy.png\" alt=\"\" title=\"\u00d6n Sayfa\" class=\"rev-slidebg tp-rs-img rs-lazyload\" data-lazyload=\"\/\/bahadinyaslanmavakfi.com\/wp-content\/uploads\/2020\/09\/bahadin_home_slider-1.jpg\" data-bg=\"p:center top;\" data-parallax=\"7\" data-no-retina>\n<!--\n\t\t\t\t\t\t\t--><rs-layer\n\t\t\t\t\t\t\t\tid=\"slider-6-slide-17-layer-5\" \n\t\t\t\t\t\t\t\tdata-type=\"text\"\n\t\t\t\t\t\t\t\tdata-color=\"rgba(255, 255, 255, 1)\"\n\t\t\t\t\t\t\t\tdata-rsp_ch=\"on\"\n\t\t\t\t\t\t\t\tdata-xy=\"x:c;xo:1px,1px,1px,-7px;y:m;yo:-121px,-121px,-121px,-119px;\"\n\t\t\t\t\t\t\t\tdata-text=\"s:80,80,80,40;l:80;ls:0.1em;fw:700;a:center;\"\n\t\t\t\t\t\t\t\tdata-dim=\"w:1000px;\"\n\t\t\t\t\t\t\t\tdata-frame_0=\"o:1;\"\n\t\t\t\t\t\t\t\tdata-frame_0_chars=\"d:5;x:105%;o:1;rX:45deg;rY:0deg;rZ:90deg;\"\n\t\t\t\t\t\t\t\tdata-frame_1=\"e:power4.inOut;st:500;sp:2000;sR:500;\"\n\t\t\t\t\t\t\t\tdata-frame_1_chars=\"d:5;\"\n\t\t\t\t\t\t\t\tdata-frame_999=\"y:100%;e:power2.inOut;st:w;sp:1000;sR:3700;\"\n\t\t\t\t\t\t\t\tstyle=\"z-index:6;font-family:'Roboto';text-transform:uppercase;line-height:1;\"\n\t\t\t\t\t\t\t>MUTLU YA\u015eLAN \n\t\t\t\t\t\t\t<\/rs-layer><!--\n\n\t\t\t\t\t\t\t--><rs-layer\n\t\t\t\t\t\t\t\tid=\"slider-6-slide-17-layer-6\" \n\t\t\t\t\t\t\t\tdata-type=\"text\"\n\t\t\t\t\t\t\t\tdata-color=\"rgba(221, 221, 221, 1)\"\n\t\t\t\t\t\t\t\tdata-rsp_ch=\"on\"\n\t\t\t\t\t\t\t\tdata-xy=\"x:c;xo:-3px;y:m;yo:6px;\"\n\t\t\t\t\t\t\t\tdata-text=\"s:18,18,18,20;l:36;a:center;\"\n\t\t\t\t\t\t\t\tdata-dim=\"w:594px;h:51px;\"\n\t\t\t\t\t\t\t\tdata-frame_0=\"y:-100%;o:1;\"\n\t\t\t\t\t\t\t\tdata-frame_1=\"st:1500;sp:1500;sR:1500;\"\n\t\t\t\t\t\t\t\tdata-frame_999=\"o:0;st:w;sp:1000;sR:5000;\"\n\t\t\t\t\t\t\t\tstyle=\"z-index:6;font-family:'Roboto';text-transform:uppercase;\"\n\t\t\t\t\t\t\t>BAHADIN'DA MUTLU YA\u015eLANAB\u0130LMEN\u0130Z<br> \u0130\u00c7\u0130N \u00c7ALI\u015eIYORUZ. \n\t\t\t\t\t\t\t<\/rs-layer><!--\n\n\t\t\t\t\t\t\t--><rs-layer\n\t\t\t\t\t\t\t\tid=\"slider-6-slide-17-layer-7\" \n\t\t\t\t\t\t\t\tdata-type=\"text\"\n\t\t\t\t\t\t\t\tdata-color=\"rgba(255, 255, 255, 1)\"\n\t\t\t\t\t\t\t\tdata-rsp_ch=\"on\"\n\t\t\t\t\t\t\t\tdata-xy=\"x:c;xo:-95px,-95px,-95px,-2px;y:m;yo:130px,130px,130px,85px;\"\n\t\t\t\t\t\t\t\tdata-text=\"l:22;a:center;\"\n\t\t\t\t\t\t\t\tdata-frame_0=\"x:-100%;o:1;\"\n\t\t\t\t\t\t\t\tdata-frame_1=\"e:power4.inOut;st:1500;sp:1500;sR:1500;\"\n\t\t\t\t\t\t\t\tdata-frame_999=\"x:-100%;e:power4.inOut;st:w;sp:1000;sR:5000;\"\n\t\t\t\t\t\t\t\tstyle=\"z-index:7;font-family:'Roboto';text-transform:uppercase;\"\n\t\t\t\t\t\t\t><a href=\"http:\/\/bahadinyaslanmavakfi.com\/tr\/our-foundation\/\" class=\"btn btn-hvr-white hvr-pulse-grow\" data-toggle=\"modal\">Hakk\u0131m\u0131zda<\/a> \n\t\t\t\t\t\t\t<\/rs-layer><!--\n\n\t\t\t\t\t\t\t--><rs-layer\n\t\t\t\t\t\t\t\tid=\"slider-6-slide-17-layer-8\" \n\t\t\t\t\t\t\t\tdata-type=\"text\"\n\t\t\t\t\t\t\t\tdata-color=\"rgba(255, 255, 255, 1)\"\n\t\t\t\t\t\t\t\tdata-rsp_ch=\"on\"\n\t\t\t\t\t\t\t\tdata-xy=\"x:c;xo:95px,95px,95px,-19px;y:m;yo:130px,130px,130px,150px;\"\n\t\t\t\t\t\t\t\tdata-text=\"l:22;a:center;\"\n\t\t\t\t\t\t\t\tdata-dim=\"w:156px;\"\n\t\t\t\t\t\t\t\tdata-frame_0=\"x:100%;o:1;\"\n\t\t\t\t\t\t\t\tdata-frame_1=\"st:1500;sp:1500;sR:1500;\"\n\t\t\t\t\t\t\t\tdata-frame_999=\"x:100%;st:w;sp:1000;sR:5000;\"\n\t\t\t\t\t\t\t\tstyle=\"z-index:8;font-family:'Roboto';text-transform:uppercase;\"\n\t\t\t\t\t\t\t><a href=\"http:\/\/bahadinyaslanmavakfi.com\/tr\/our-services\/\" class=\"btn btn-white hvr-pulse-grow\">H\u0130ZMETLER\u0130M\u0130Z<\/a> \n\t\t\t\t\t\t\t<\/rs-layer><!--\n-->\t\t\t\t\t\t<\/rs-slide>\n\t\t\t\t\t<\/rs-slides>\n\t\t\t\t<\/rs-module>\n\t\t\t\t<script>\n\t\t\t\t\tsetREVStartSize({c: 'rev_slider_6_1',rl:[1240,1024,778,480],el:[600,600,500,400],gw:[1240,1024,778,480],gh:[600,600,500,400],type:'standard',justify:'',layout:'fullscreen',offsetContainer:'',offset:'',mh:\"0\"});if (window.RS_MODULES!==undefined && window.RS_MODULES.modules!==undefined && window.RS_MODULES.modules[\"revslider61\"]!==undefined) {window.RS_MODULES.modules[\"revslider61\"].once = false;window.revapi6 = undefined;if (window.RS_MODULES.checkMinimal!==undefined) window.RS_MODULES.checkMinimal()}\n\t\t\t\t<\/script>\n\t\t\t<\/rs-module-wrap>\n\t\t\t<!-- END REVOLUTION SLIDER -->\n\n\n            <\/div>\n\n        <\/div>\n\n    <\/main>\n\n\t\n\n    <section             class=\"about  section pb-0\">\n\n        <div class=\"container\">\n            <div class=\"row\">\n                <header class=\"text-center col-md-8 col-md-offset-2\">\n\t\t\t\t\t                        <h2 class=\"section-title\">VAKFIMIZ<\/h2>\n                        <div class=\"spacer spacer-primary\">\n                            <div class=\"line\">\n                                <div class=\"dot\"><\/div>\n                                <div class=\"dot\"><\/div>\n                                <div class=\"dot\"><\/div>\n                            <\/div>\n                        <\/div>\n\t\t\t\t\t                    <p>Bahad\u0131n Ya\u015flanma Vakf\u0131, Kasabam\u0131z Bahad\u0131n\u2019da giderek artan ya\u015fl\u0131 n\u00fcfusla birlikte, bak\u0131m \u00e7al\u0131\u015fmalar\u0131n\u0131 sosyal, k\u00fclt\u00fcrel ve bilimsel temele dayanarak yapmaktad\u0131r. Kasaba\u2019n\u0131n n\u00fcfusu yakla\u015f\u0131k 2000 ki\u015fi kadar olup, yaz d\u00f6neminde bu rakam 6000 kadar y\u00fckselmektedir. Avrupa\u2019ya fazla g\u00f6\u00e7 veren kasabalar\u0131m\u0131zdan biridir. G\u00f6\u00e7 nedeniyle vakf\u0131m\u0131z yurti\u00e7inde oldu\u011fu gibi Avrupa\u2019n\u0131n \u00e7e\u015fitli \u00fclkelerinde de ya\u015fl\u0131lara y\u00f6nelik bilgilendirme g\u00fcnleri yapmakta ve Avrupa\u2019daki kurum, kurulu\u015f, \u00fcniversitelerle ya\u015fl\u0131l\u0131k konusunda akademik \u00e7al\u0131\u015fmalar ve projeler geli\u015ftirmektedir. Yurti\u00e7i-yurtd\u0131\u015f\u0131 bir\u00e7ok doktora \u00f6\u011frencisine e\u011fitim \u00e7al\u0131\u015fmalar\u0131nda misafirlik etmi\u015f bir ya\u015flanma merkezidir.<\/p>\n                <\/header>\n            <\/div>\n        <\/div>\n        <div class=\"section-content\">\n            <div class=\"row-about bgc-light clearfix\">\n                <div  class=\"bg-about-1 bg-left-fluid bordered col-md-6\"><\/div>\n                <div class=\"col-about-right col-md-6 col-md-offset-6\">\n\n                    <h2 class=\"about-title\">THE HOME OF CREATIVE DESIGNS<\/h2>\n\n                    <div class=\"col-about-content\">\n                        <div class=\"row row-columns\">\n\n\t\t\t\t\t\t\t\n\n                        <\/div>\n                    <\/div>\n                <\/div>\n            <\/div>\n            <div class=\"row-about bgc-light-md clearfix\">\n\n\n                <div  class=\"bg-about-2 bg-right-fluid col-md-6\"><\/div>\n\n\n                <div class=\"col-about-left col-md-5 col-md-offset-1\">\n                    <h2 class=\"about-title\"><\/h2>\n\n                    <p><\/p>\n\n                    <div class=\"col-about-content\">\n\n\t\t\t\t\t\t\n\n                    <\/div>\n                <\/div>\n            <\/div>\n        <\/div>\n    <\/section>\n\n\t\n\n    <section  class=\"statistic   text-white bgc-primary\">\n        <div class=\"container\">\n            <div class=\"row row-columns\">\n\t\t\t\t                        <div class=\"column col-sm-6 col-md-3\">\n                            <div class=\"counter\">\n                                <div class=\"counter-value\"\n                                     data-value=\"26\">26<\/div>\n                                <div\n                                        class=\"counter-details\">\u0130dari \u00c7al\u0131\u015fan<\/div>\n                            <\/div>\n                        <\/div>\n\t\t\t\t\t\t                        <div class=\"column col-sm-6 col-md-3\">\n                            <div class=\"counter\">\n                                <div class=\"counter-value\"\n                                     data-value=\"15\">15<\/div>\n                                <div\n                                        class=\"counter-details\">Evde Hizmet<\/div>\n                            <\/div>\n                        <\/div>\n\t\t\t\t\t\t                        <div class=\"column col-sm-6 col-md-3\">\n                            <div class=\"counter\">\n                                <div class=\"counter-value\"\n                                     data-value=\"25\">25<\/div>\n                                <div\n                                        class=\"counter-details\">Vak\u0131fta Hizmet<\/div>\n                            <\/div>\n                        <\/div>\n\t\t\t\t\t\t                        <div class=\"column col-sm-6 col-md-3\">\n                            <div class=\"counter\">\n                                <div class=\"counter-value\"\n                                     data-value=\"1\">1<\/div>\n                                <div\n                                        class=\"counter-details\">Esnek Hizmet<\/div>\n                            <\/div>\n                        <\/div>\n\t\t\t\t\t\t            <\/div>\n        <\/div>\n\n    <\/section>\n\n\t\n\n    <!-- Reviews -->\n\n\n    <section \n            class=\"reviews text-white  vc_custom_1658337307520  text-center masked section parallax\">\n        <div class=\"container\">\n            <div class=\"row\">\n                <header class=\"col-md-8 col-md-offset-2\">\n                    <h2 class=\"text-white section-title\">YA\u015eLILARIMIZIN G\u00d6R\u00dc\u015eLER\u0130<\/h2>\n\n                    <div class=\"spacer spacer-primary\">\n                        <div class=\"line\">\n                            <div class=\"dot\"><\/div>\n                            <div class=\"dot\"><\/div>\n                            <div class=\"dot\"><\/div>\n                        <\/div>\n                    <\/div>\n                <\/header>\n            <\/div>\n        <\/div>\n        <div class=\"section-content\">\n            <div class=\"container\">\n                <div class=\"row\">\n                    <div class=\"col-md-8 col-md-offset-2\">\n                        <div class=\"review-carousel dots-white js-review-carousel\">\n\t\t\t\t\t\t\t                                <div class=\"review\">\n\t\t\t\t\t\t\t\t\t                                        <div class=\"review-img\"><img alt=\"\" class=\"img-circle\"\n                                                                     src=\"http:\/\/bahadinyaslanmavakfi.com\/wp-content\/uploads\/2020\/09\/pexels-photo-3364110-100x100.jpeg\"><\/div>\n\t\t\t\t\t\t\t\t\t\t\n                                    <h3 class=\"text-white review-name\">Fatma Han\u0131m<\/h3>\n                                    <h4 class=\"review-spec\"><\/h4>\n\n                                    <p class=\"review-description\">\n\t\t\t\t\t\t\t\t\t\tG\u00fclery\u00fczl\u00fc ve s\u0131cakkanl\u0131 harika insanlar var burada. \u00c7ok te\u015fekk\u00fcr ederim.<\/p>\n                                <\/div>\n\t\t\t\t\t\t\t\n                        <\/div>\n                    <\/div>\n                <\/div>\n            <\/div>\n        <\/div>\n    <\/section>\n\n\t\n\n    <section id=\"blog\" class=\"blog   text-center section pt-0\">\n        <div class=\"container\">\n            <div class=\"row\">\n                <header class=\"col-md-8 col-md-offset-2\">\n                    <h2 class=\"section-title\">DUYURULAR<\/h2>\n\n                    <div class=\"spacer spacer-primary\">\n                        <div class=\"line\">\n                            <div class=\"dot\"><\/div>\n                            <div class=\"dot\"><\/div>\n                            <div class=\"dot\"><\/div>\n                        <\/div>\n                    <\/div>\n                    <p>Bahad\u0131n Ya\u015fland\u0131rma Vakf\u0131&#039;n\u0131n Duyurular\u0131<\/p>\n                <\/header>\n            <\/div>\n\n\n            <div class=\"section-content\">\n                <div class=\"row row-columns\">\n\t\t\t\t\t                                <div class=\"b-grid-item\">\n                                    <div class=\"post column col-sm-6 col-md-4 wow fadeInLeft post-2677 type-post status-publish format-standard has-post-thumbnail hentry category-announcements tag-duyuru\" >\n                                        <div class=\"blog-article\">\n                                            <div class=\"blog-article-thumbnail\">\n\t\t\t\t\t\t\t\t\t\t\t\t\n\t\t\t<img\n\t\t\t\tsrc=\" http:\/\/bahadinyaslanmavakfi.com\/wp-content\/uploads\/2020\/10\/3b1f2723-a307-4a75-9631-23fe100f5546-360x360.jpg\"\n\t\t\t\talt=\"Bahad\u0131n&#8217;da Ya\u015fl\u0131lar G\u00fcn\u00fc \">\n\n\t\t\t                                                <div class=\"date\">11<br \/>Eki<\/div>\n                                            <\/div>\n                                            <div class=\"blog-article-details\">\n                                                <h3 class=\"blog-article-title\">Bahad\u0131n&#8217;da Ya\u015fl\u0131lar G\u00fcn\u00fc<\/h3>\n                                                <h4 class=\"blog-article-category\">\n\t\t\t\t\t\t\t\t\t\t\t\t\tDuyurular<\/h4>\n                                                <a href=\"http:\/\/bahadinyaslanmavakfi.com\/tr\/2020\/10\/11\/elderlys-day-in-bahadin\/\"\n                                                   class=\"read-more\"> Continue reading                                                    <i class=\"fa fa-long-arrow-right\" aria-hidden=\"true\"><\/i><\/a>\n                                            <\/div>\n                                        <\/div>\n                                    <\/div>\n                                <\/div>\n\t\t\t\t\t\t\t\t\n\n\t\t\t\t\t\t\t                                <div class=\"b-grid-item\">\n                                    <div class=\"post column col-sm-6 col-md-4 wow fadeInUp post-2664 type-post status-publish format-standard has-post-thumbnail hentry category-announcements tag-duyuru\" >\n                                        <div class=\"blog-article\">\n                                            <div class=\"blog-article-thumbnail\">\n\t\t\t\t\t\t\t\t\t\t\t\t\n\t\t\t<img\n\t\t\t\tsrc=\" http:\/\/bahadinyaslanmavakfi.com\/wp-content\/uploads\/2020\/10\/pexels-photo-3952234-scaled-360x360.jpeg\"\n\t\t\t\talt=\"Koronavir\u00fcs (COVID-19) Pandemi Rehberi \">\n\n\t\t\t                                                <div class=\"date\">11<br \/>Eki<\/div>\n                                            <\/div>\n                                            <div class=\"blog-article-details\">\n                                                <h3 class=\"blog-article-title\">Koronavir\u00fcs (COVID-19) Pandemi Rehberi<\/h3>\n                                                <h4 class=\"blog-article-category\">\n\t\t\t\t\t\t\t\t\t\t\t\t\tDuyurular<\/h4>\n                                                <a href=\"http:\/\/bahadinyaslanmavakfi.com\/tr\/2020\/10\/11\/coronavirus-covid-19-pandemic-guide\/\"\n                                                   class=\"read-more\"> Continue reading                                                    <i class=\"fa fa-long-arrow-right\" aria-hidden=\"true\"><\/i><\/a>\n                                            <\/div>\n                                        <\/div>\n                                    <\/div>\n                                <\/div>\n\t\t\t\t\t\t\t\t\n\n\t\t\t\t\t\t\t                                <div class=\"b-grid-item\">\n                                    <div class=\"post column col-sm-6 col-md-4 wow fadeInRight post-2384 type-post status-publish format-standard has-post-thumbnail hentry category-announcements tag-duyuru\" >\n                                        <div class=\"blog-article\">\n                                            <div class=\"blog-article-thumbnail\">\n\t\t\t\t\t\t\t\t\t\t\t\t\n\t\t\t<img\n\t\t\t\tsrc=\" http:\/\/bahadinyaslanmavakfi.com\/wp-content\/uploads\/2020\/09\/bf80ba2b-97db-4dec-a0df-36ae2cb4c915-360x360.jpg\"\n\t\t\t\talt=\"Bahad\u0131n Ya\u015flanma Vakf\u0131 Kuruldu \">\n\n\t\t\t                                                <div class=\"date\">30<br \/>Eyl<\/div>\n                                            <\/div>\n                                            <div class=\"blog-article-details\">\n                                                <h3 class=\"blog-article-title\">Bahad\u0131n Ya\u015flanma Vakf\u0131 Kuruldu<\/h3>\n                                                <h4 class=\"blog-article-category\">\n\t\t\t\t\t\t\t\t\t\t\t\t\tDuyurular<\/h4>\n                                                <a href=\"http:\/\/bahadinyaslanmavakfi.com\/tr\/2020\/09\/30\/bahadin-aging-foundation-established\/\"\n                                                   class=\"read-more\"> Continue reading                                                    <i class=\"fa fa-long-arrow-right\" aria-hidden=\"true\"><\/i><\/a>\n                                            <\/div>\n                                        <\/div>\n                                    <\/div>\n                                <\/div>\n\t\t\t\t\t\t\t\t\n\n\t\t\t\t\t\t\t\n                <\/div>\n            <\/div>\n        <\/div>\n    <\/section>\n\n\n\t\n\n    <section id=\"blog\" class=\"blog  vc_custom_1658423336150  text-center section pt-0\">\n        <div class=\"container\">\n            <div class=\"row\">\n                <header class=\"col-md-8 col-md-offset-2\">\n                    <h2 class=\"section-title\">Ya\u015flanma ve Toplum Dergisi<\/h2>\n\n                    <div class=\"spacer spacer-primary\">\n                        <div class=\"line\">\n                            <div class=\"dot\"><\/div>\n                            <div class=\"dot\"><\/div>\n                            <div class=\"dot\"><\/div>\n                        <\/div>\n                    <\/div>\n                    <p>Ya\u015flanma ve Toplum dergisi<\/p>\n                <\/header>\n            <\/div>\n\n\n            <div class=\"section-content\">\n                <div class=\"row row-columns\">\n\t\t\t\t\t                                <div class=\"b-grid-item\">\n                                    <div class=\"post column col-sm-6 col-md-4 wow fadeInLeft post-3128 type-post status-publish format-standard has-post-thumbnail hentry category-aging-and-society-journal tag-bahadin-yaslanma-vakfi tag-dergi tag-yaslanma-ve-toplum\" >\n                                        <div class=\"blog-article\">\n                                            <div class=\"blog-article-thumbnail\">\n\t\t\t\t\t\t\t\t\t\t\t\t\n\t\t\t<img\n\t\t\t\tsrc=\" http:\/\/bahadinyaslanmavakfi.com\/wp-content\/uploads\/2024\/01\/dergi-sayi-8-360x360.png\"\n\t\t\t\talt=\"Say\u0131 8 \">\n\n\t\t\t                                                <div class=\"date\">09<br \/>Oca<\/div>\n                                            <\/div>\n                                            <div class=\"blog-article-details\">\n                                                <h3 class=\"blog-article-title\">Say\u0131 8<\/h3>\n                                                <h4 class=\"blog-article-category\">\n\t\t\t\t\t\t\t\t\t\t\t\t\tYA\u015eLANMA VE TOPLUM DERG\u0130S\u0130<\/h4>\n                                                <a href=\"http:\/\/bahadinyaslanmavakfi.com\/tr\/2024\/01\/09\/number-8\/\"\n                                                   class=\"read-more\"> Continue reading                                                    <i class=\"fa fa-long-arrow-right\" aria-hidden=\"true\"><\/i><\/a>\n                                            <\/div>\n                                        <\/div>\n                                    <\/div>\n                                <\/div>\n\t\t\t\t\t\t\t\t\n\n\t\t\t\t\t\t\t                                <div class=\"b-grid-item\">\n                                    <div class=\"post column col-sm-6 col-md-4 wow fadeInUp post-3127 type-post status-publish format-standard has-post-thumbnail hentry category-aging-and-society-journal tag-bahadin-yaslanma-vakfi tag-dergi tag-yaslanma-ve-toplum\" >\n                                        <div class=\"blog-article\">\n                                            <div class=\"blog-article-thumbnail\">\n\t\t\t\t\t\t\t\t\t\t\t\t\n\t\t\t<img\n\t\t\t\tsrc=\" http:\/\/bahadinyaslanmavakfi.com\/wp-content\/uploads\/2024\/01\/dergi-sayi-7-1-360x360.png\"\n\t\t\t\talt=\"Say\u0131 7 \">\n\n\t\t\t                                                <div class=\"date\">09<br \/>Oca<\/div>\n                                            <\/div>\n                                            <div class=\"blog-article-details\">\n                                                <h3 class=\"blog-article-title\">Say\u0131 7<\/h3>\n                                                <h4 class=\"blog-article-category\">\n\t\t\t\t\t\t\t\t\t\t\t\t\tYA\u015eLANMA VE TOPLUM DERG\u0130S\u0130<\/h4>\n                                                <a href=\"http:\/\/bahadinyaslanmavakfi.com\/tr\/2024\/01\/09\/number-7\/\"\n                                                   class=\"read-more\"> Continue reading                                                    <i class=\"fa fa-long-arrow-right\" aria-hidden=\"true\"><\/i><\/a>\n                                            <\/div>\n                                        <\/div>\n                                    <\/div>\n                                <\/div>\n\t\t\t\t\t\t\t\t\n\n\t\t\t\t\t\t\t                                <div class=\"b-grid-item\">\n                                    <div class=\"post column col-sm-6 col-md-4 wow fadeInRight post-3124 type-post status-publish format-standard has-post-thumbnail hentry category-aging-and-society-journal tag-bahadin-yaslanma-vakfi tag-dergi tag-yaslanma-ve-toplum\" >\n                                        <div class=\"blog-article\">\n                                            <div class=\"blog-article-thumbnail\">\n\t\t\t\t\t\t\t\t\t\t\t\t\n\t\t\t<img\n\t\t\t\tsrc=\" http:\/\/bahadinyaslanmavakfi.com\/wp-content\/uploads\/2024\/01\/dergi-sayi-6-360x360.png\"\n\t\t\t\talt=\"Say\u0131 6 \">\n\n\t\t\t                                                <div class=\"date\">09<br \/>Oca<\/div>\n                                            <\/div>\n                                            <div class=\"blog-article-details\">\n                                                <h3 class=\"blog-article-title\">Say\u0131 6<\/h3>\n                                                <h4 class=\"blog-article-category\">\n\t\t\t\t\t\t\t\t\t\t\t\t\tYA\u015eLANMA VE TOPLUM DERG\u0130S\u0130<\/h4>\n                                                <a href=\"http:\/\/bahadinyaslanmavakfi.com\/tr\/2024\/01\/09\/number-6\/\"\n                                                   class=\"read-more\"> Continue reading                                                    <i class=\"fa fa-long-arrow-right\" aria-hidden=\"true\"><\/i><\/a>\n                                            <\/div>\n                                        <\/div>\n                                    <\/div>\n                                <\/div>\n\t\t\t\t\t\t\t\t\n\n\t\t\t\t\t\t\t\n                <\/div>\n            <\/div>\n        <\/div>\n    <\/section>\n\n\n\t\n    <section  class=\"banner-section bgc-primary text-white \">\n        <div class=\"container\">\n            <div class=\"row\">\n                <div class=\"col-md-8\">\n                    <h2 class=\"text-white\">YA\u015eLILARIMIZ \u0130\u00c7\u0130N BAHADIN&#039;DA \u00c7ALI\u015eIYORUZ. S\u0130Z DE DESTEK OLMAK \u0130STER M\u0130YD\u0130N\u0130Z?<\/h2>\n                <\/div>\n                <div class=\"col-md-4 text-right-md\">\n                    <a href=\"http:\/\/bahadinyaslanmavakfi.com\/tr\/our-supports\/\"\n                       class=\"btn btn-b-white wow swing\">Destek Ol<\/a>\n                <\/div>\n            <\/div>\n        <\/div>\n    <\/section>\n\n\n\t[\/vc_column][\/vc_row]<\/p>\n","protected":false},"excerpt":{"rendered":"<p>[\/vc_row]<\/p>\n","protected":false},"author":1,"featured_media":0,"parent":0,"menu_order":0,"comment_status":"open","ping_status":"closed","template":"template-fullwidth.php","meta":[],"translation":{"provider":"WPGlobus","version":"2.8.8","language":"tr","enabled_languages":["en","tr"],"languages":{"en":{"title":true,"content":true,"excerpt":false},"tr":{"title":true,"content":true,"excerpt":false}}},"_links":{"self":[{"href":"http:\/\/bahadinyaslanmavakfi.com\/tr\/wp-json\/wp\/v2\/pages\/701"}],"collection":[{"href":"http:\/\/bahadinyaslanmavakfi.com\/tr\/wp-json\/wp\/v2\/pages"}],"about":[{"href":"http:\/\/bahadinyaslanmavakfi.com\/tr\/wp-json\/wp\/v2\/types\/page"}],"author":[{"embeddable":true,"href":"http:\/\/bahadinyaslanmavakfi.com\/tr\/wp-json\/wp\/v2\/users\/1"}],"replies":[{"embeddable":true,"href":"http:\/\/bahadinyaslanmavakfi.com\/tr\/wp-json\/wp\/v2\/comments?post=701"}],"version-history":[{"count":101,"href":"http:\/\/bahadinyaslanmavakfi.com\/tr\/wp-json\/wp\/v2\/pages\/701\/revisions"}],"predecessor-version":[{"id":3097,"href":"http:\/\/bahadinyaslanmavakfi.com\/tr\/wp-json\/wp\/v2\/pages\/701\/revisions\/3097"}],"wp:attachment":[{"href":"http:\/\/bahadinyaslanmavakfi.com\/tr\/wp-json\/wp\/v2\/media?parent=701"}],"curies":[{"name":"wp","href":"https:\/\/api.w.org\/{rel}","templated":true}]}}