{"id":2753,"date":"2020-10-26T08:25:52","date_gmt":"2020-10-26T08:25:52","guid":{"rendered":"http:\/\/bahadinyaslanmavakfi.com\/?page_id=2753"},"modified":"2022-07-21T15:16:00","modified_gmt":"2022-07-21T15:16:00","slug":"active-aging","status":"publish","type":"page","link":"http:\/\/bahadinyaslanmavakfi.com\/tr\/our-services\/active-aging\/","title":{"rendered":"Aktif Ya\u015flanma"},"content":{"rendered":"<p><span data-sheets-value=\"{&quot;1&quot;:2,&quot;2&quot;:&quot;Ya\u015fl\u0131lar\u0131m\u0131z\u0131n daha sa\u011fl\u0131kl\u0131 ve aktif ya\u015flanmalar\u0131 i\u00e7in sosyal, k\u00fclt\u00fcrel ve sportif etkinlikler ger\u00e7ekle\u015ftirilmektedir.\\n\\nBu faaliyetlerin aras\u0131nda: m\u00fcze gezileri, do\u011fa y\u00fcr\u00fcy\u00fc\u015f\u00fc, tarihi, k\u00fclt\u00fcrel geziler, kitap okuma etkinlikleri gibi faaliyetler yer almaktad\u0131r.\\n\\nAktif Ya\u015flanmay\u0131 i\u00e7erecek \u015fekilde yap\u0131lacak olan etkinliklere, hizmet alan ya\u015fl\u0131lar\u0131m\u0131z kat\u0131labileceklerdir.\\n\\nNOT: Yukardaki hizmetlerin tamam\u0131n\u0131 kapsayan full paket hizmeti ayr\u0131ca verilmektedir. \u00d6zel paketlerde hizmet almak isteyenler full paketteki hizmetlerden birini veya bir ka\u00e7\u0131n\u0131 tercih edebilirler.&quot;}\" data-sheets-userformat=\"{&quot;2&quot;:769,&quot;3&quot;:{&quot;1&quot;:0},&quot;11&quot;:4,&quot;12&quot;:0}\">Ya\u015fl\u0131lar\u0131m\u0131z\u0131n daha sa\u011fl\u0131kl\u0131 ve aktif ya\u015flanmalar\u0131 i\u00e7in sosyal, k\u00fclt\u00fcrel ve sportif etkinlikler ger\u00e7ekle\u015ftirilmektedir.<\/p>\n<p>Bu faaliyetlerin aras\u0131nda: m\u00fcze gezileri, do\u011fa y\u00fcr\u00fcy\u00fc\u015f\u00fc, tarihi, k\u00fclt\u00fcrel geziler, kitap okuma etkinlikleri gibi faaliyetler yer almaktad\u0131r.<\/p>\n<p>Aktif Ya\u015flanmay\u0131 i\u00e7erecek \u015fekilde yap\u0131lacak olan etkinliklere, hizmet alan ya\u015fl\u0131lar\u0131m\u0131z kat\u0131labileceklerdir.<\/p>\n<p>NOT: Yukardaki hizmetlerin tamam\u0131n\u0131 kapsayan full paket hizmeti ayr\u0131ca verilmektedir. \u00d6zel paketlerde hizmet almak isteyenler full paketteki hizmetlerden birini veya bir ka\u00e7\u0131n\u0131 tercih edebilirler.<\/span><\/p>\n","protected":false},"excerpt":{"rendered":"<p>Ya\u015fl\u0131lar\u0131m\u0131z\u0131n daha sa\u011fl\u0131kl\u0131 ve aktif ya\u015flanmalar\u0131 i\u00e7in sosyal, k\u00fclt\u00fcrel ve sportif etkinlikler ger\u00e7ekle\u015ftirilmektedir. Bu faaliyetlerin aras\u0131nda: m\u00fcze gezileri, do\u011fa y\u00fcr\u00fcy\u00fc\u015f\u00fc, tarihi, k\u00fclt\u00fcrel geziler, kitap okuma etkinlikleri gibi faaliyetler yer almaktad\u0131r. [&hellip;]<\/p>\n","protected":false},"author":1,"featured_media":0,"parent":1825,"menu_order":0,"comment_status":"closed","ping_status":"closed","template":"template-fullwidth-noimg.php","meta":[],"translation":{"provider":"WPGlobus","version":"2.8.8","language":"tr","enabled_languages":["en","tr"],"languages":{"en":{"title":true,"content":true,"excerpt":false},"tr":{"title":true,"content":true,"excerpt":false}}},"_links":{"self":[{"href":"http:\/\/bahadinyaslanmavakfi.com\/tr\/wp-json\/wp\/v2\/pages\/2753"}],"collection":[{"href":"http:\/\/bahadinyaslanmavakfi.com\/tr\/wp-json\/wp\/v2\/pages"}],"about":[{"href":"http:\/\/bahadinyaslanmavakfi.com\/tr\/wp-json\/wp\/v2\/types\/page"}],"author":[{"embeddable":true,"href":"http:\/\/bahadinyaslanmavakfi.com\/tr\/wp-json\/wp\/v2\/users\/1"}],"replies":[{"embeddable":true,"href":"http:\/\/bahadinyaslanmavakfi.com\/tr\/wp-json\/wp\/v2\/comments?post=2753"}],"version-history":[{"count":3,"href":"http:\/\/bahadinyaslanmavakfi.com\/tr\/wp-json\/wp\/v2\/pages\/2753\/revisions"}],"predecessor-version":[{"id":2914,"href":"http:\/\/bahadinyaslanmavakfi.com\/tr\/wp-json\/wp\/v2\/pages\/2753\/revisions\/2914"}],"up":[{"embeddable":true,"href":"http:\/\/bahadinyaslanmavakfi.com\/tr\/wp-json\/wp\/v2\/pages\/1825"}],"wp:attachment":[{"href":"http:\/\/bahadinyaslanmavakfi.com\/tr\/wp-json\/wp\/v2\/media?parent=2753"}],"curies":[{"name":"wp","href":"https:\/\/api.w.org\/{rel}","templated":true}]}}