{"id":2748,"date":"2020-10-26T08:11:35","date_gmt":"2020-10-26T08:11:35","guid":{"rendered":"http:\/\/bahadinyaslanmavakfi.com\/?page_id=2748"},"modified":"2022-07-21T14:40:12","modified_gmt":"2022-07-21T14:40:12","slug":"volunteers","status":"publish","type":"page","link":"http:\/\/bahadinyaslanmavakfi.com\/tr\/volunteers\/","title":{"rendered":"G\u00d6N\u00dcLL\u00dcLER"},"content":{"rendered":"<p>[vc_row][vc_column][vc_column_text]<\/p>\n<p><span data-sheets-value=\"{&quot;1&quot;:2,&quot;2&quot;:&quot;Pandemi s\u00fcrecinden dolay\u0131 g\u00f6n\u00fcll\u00fc \u00e7al\u0131\u015fmalar\u0131m\u0131z ge\u00e7ici olarak durdurulmu\u015ftur. \u0130lginize \u00e7ok te\u015fekk\u00fcr ederiz.\\n&quot;}\" data-sheets-userformat=\"{&quot;2&quot;:769,&quot;3&quot;:{&quot;1&quot;:0},&quot;11&quot;:4,&quot;12&quot;:0}\">Pandemi s\u00fcrecinden dolay\u0131 g\u00f6n\u00fcll\u00fc \u00e7al\u0131\u015fmalar\u0131m\u0131z ge\u00e7ici olarak durdurulmu\u015ftur. \u0130lginize \u00e7ok te\u015fekk\u00fcr ederiz.<br \/>\n<\/span><\/p>\n<p>[\/vc_column_text][\/vc_column][\/vc_row]<\/p>\n","protected":false},"excerpt":{"rendered":"{:en}[vc_row][vc_column][vc_column_text] Due to the pandemic, our voluntary work has been temporarily suspended. Thank you for your interest. [\/vc_column_text][\/vc_column][\/vc_row]{:}{:tr}[vc_row][vc_column][vc_column_text] Pandemi s\u00fcrecinden dolay\u0131 g\u00f6n\u00fcll\u00fc \u00e7al\u0131\u015fmalar\u0131m\u0131z ge\u00e7ici olarak durdurulmu\u015ftur. \u0130lginize \u00e7ok te\u015fekk\u00fcr ederiz. [...]","protected":false},"author":1,"featured_media":0,"parent":0,"menu_order":0,"comment_status":"closed","ping_status":"closed","template":"template-fullwidth-noimg.php","meta":[],"translation":{"provider":"WPGlobus","version":"2.8.8","language":"tr","enabled_languages":["en","tr"],"languages":{"en":{"title":true,"content":true,"excerpt":false},"tr":{"title":true,"content":true,"excerpt":false}}},"_links":{"self":[{"href":"http:\/\/bahadinyaslanmavakfi.com\/tr\/wp-json\/wp\/v2\/pages\/2748"}],"collection":[{"href":"http:\/\/bahadinyaslanmavakfi.com\/tr\/wp-json\/wp\/v2\/pages"}],"about":[{"href":"http:\/\/bahadinyaslanmavakfi.com\/tr\/wp-json\/wp\/v2\/types\/page"}],"author":[{"embeddable":true,"href":"http:\/\/bahadinyaslanmavakfi.com\/tr\/wp-json\/wp\/v2\/users\/1"}],"replies":[{"embeddable":true,"href":"http:\/\/bahadinyaslanmavakfi.com\/tr\/wp-json\/wp\/v2\/comments?post=2748"}],"version-history":[{"count":6,"href":"http:\/\/bahadinyaslanmavakfi.com\/tr\/wp-json\/wp\/v2\/pages\/2748\/revisions"}],"predecessor-version":[{"id":2910,"href":"http:\/\/bahadinyaslanmavakfi.com\/tr\/wp-json\/wp\/v2\/pages\/2748\/revisions\/2910"}],"wp:attachment":[{"href":"http:\/\/bahadinyaslanmavakfi.com\/tr\/wp-json\/wp\/v2\/media?parent=2748"}],"curies":[{"name":"wp","href":"https:\/\/api.w.org\/{rel}","templated":true}]}}