{"id":2659,"date":"2020-10-11T07:53:05","date_gmt":"2020-10-11T07:53:05","guid":{"rendered":"http:\/\/bahadinyaslanmavakfi.com\/?page_id=2659"},"modified":"2022-07-21T15:31:10","modified_gmt":"2022-07-21T15:31:10","slug":"restaurant","status":"publish","type":"page","link":"http:\/\/bahadinyaslanmavakfi.com\/tr\/our-services\/restaurant\/","title":{"rendered":"Restoran"},"content":{"rendered":"<p><span data-sheets-value=\"{&quot;1&quot;:2,&quot;2&quot;:&quot;NOT: Pandemi nedeniyle d\u0131\u015fardan gelen ziyaret\u00e7ilerimize restoran hizmeti verememekteyiz.\\n\\n&quot;}\" data-sheets-userformat=\"{&quot;2&quot;:769,&quot;3&quot;:{&quot;1&quot;:0},&quot;11&quot;:4,&quot;12&quot;:0}\"><strong>NOT:<\/strong> Pandemi nedeniyle d\u0131\u015fardan gelen ziyaret\u00e7ilerimize restoran hizmeti verememekteyiz.<br \/><\/span><\/p>\n","protected":false},"excerpt":{"rendered":"<p>NOT: Pandemi nedeniyle d\u0131\u015fardan gelen ziyaret\u00e7ilerimize restoran hizmeti verememekteyiz.<\/p>\n","protected":false},"author":1,"featured_media":0,"parent":1825,"menu_order":0,"comment_status":"closed","ping_status":"closed","template":"template-fullwidth-noimg.php","meta":[],"translation":{"provider":"WPGlobus","version":"2.8.8","language":"tr","enabled_languages":["en","tr"],"languages":{"en":{"title":true,"content":true,"excerpt":false},"tr":{"title":true,"content":true,"excerpt":false}}},"_links":{"self":[{"href":"http:\/\/bahadinyaslanmavakfi.com\/tr\/wp-json\/wp\/v2\/pages\/2659"}],"collection":[{"href":"http:\/\/bahadinyaslanmavakfi.com\/tr\/wp-json\/wp\/v2\/pages"}],"about":[{"href":"http:\/\/bahadinyaslanmavakfi.com\/tr\/wp-json\/wp\/v2\/types\/page"}],"author":[{"embeddable":true,"href":"http:\/\/bahadinyaslanmavakfi.com\/tr\/wp-json\/wp\/v2\/users\/1"}],"replies":[{"embeddable":true,"href":"http:\/\/bahadinyaslanmavakfi.com\/tr\/wp-json\/wp\/v2\/comments?post=2659"}],"version-history":[{"count":7,"href":"http:\/\/bahadinyaslanmavakfi.com\/tr\/wp-json\/wp\/v2\/pages\/2659\/revisions"}],"predecessor-version":[{"id":2917,"href":"http:\/\/bahadinyaslanmavakfi.com\/tr\/wp-json\/wp\/v2\/pages\/2659\/revisions\/2917"}],"up":[{"embeddable":true,"href":"http:\/\/bahadinyaslanmavakfi.com\/tr\/wp-json\/wp\/v2\/pages\/1825"}],"wp:attachment":[{"href":"http:\/\/bahadinyaslanmavakfi.com\/tr\/wp-json\/wp\/v2\/media?parent=2659"}],"curies":[{"name":"wp","href":"https:\/\/api.w.org\/{rel}","templated":true}]}}