{"id":2567,"date":"2020-10-02T09:50:58","date_gmt":"2020-10-02T09:50:58","guid":{"rendered":"http:\/\/bahadinyaslanmavakfi.com\/?page_id=2567"},"modified":"2022-01-07T19:01:56","modified_gmt":"2022-01-07T19:01:56","slug":"mission-vision","status":"publish","type":"page","link":"http:\/\/bahadinyaslanmavakfi.com\/tr\/mission-vision\/","title":{"rendered":"Misyon &#038; Vizyon"},"content":{"rendered":"\r\n<h3>Misyonumuz<\/h3>\r\n\r\n\r\n\r\n<p>Ya\u015fl\u0131y\u0131 bak\u0131m\u0131n merkezine koyan, ki\u015fi ve mutluluk odakl\u0131 bak\u0131m modellerini uygulayarak, ya\u015fl\u0131lar\u0131m\u0131z\u0131n mutlu, sayg\u0131n ve ba\u011f\u0131ms\u0131z bir ya\u015fam s\u00fcrmelerini sa\u011flamakt\u0131r.<\/p>\r\n\r\n\r\n\r\n<h3>Vizyonumuz<\/h3>\r\n\r\n\r\n\r\n<p>Gerontoloji alan\u0131ndaki yenilikleri h\u00fcmanist bak\u0131\u015f a\u00e7\u0131s\u0131yla yorumlayarak misyonumuzun devaml\u0131l\u0131\u011f\u0131n\u0131 sa\u011flamakt\u0131r.<\/p>\r\n\r\n\r\n\r\n<h3>Ama\u00e7lar\u0131m\u0131z<\/h3>\r\n\r\n\r\n\r\n<p>\u2022 Ya\u015fl\u0131lar\u0131m\u0131z, ya\u015fl\u0131l\u0131k g\u00fcnlerini daha g\u00fczel ya\u015fas\u0131nlar!<\/p>\r\n\r\n\r\n\r\n<p>\u2022 Bahad\u0131n\u2019dan Avrupa\u2019ya, Avrupa\u2019dan Bahad\u0131n\u2019a ya\u015fl\u0131 ziyaret organizasyonlar\u0131 d\u00fczenlensin!<\/p>\r\n\r\n\r\n\r\n<p>\u2022 Ya\u015fl\u0131lar\u0131n ya\u015famlar\u0131n\u0131 kolayla\u015ft\u0131ran ara\u00e7 gere\u00e7 temininde arac\u0131l\u0131k edilsin!<\/p>\r\n\r\n\r\n\r\n<p>\u2022 Bilin\u00e7li bir ya\u015fl\u0131l\u0131k d\u00f6nemi ge\u00e7irilmesi i\u00e7in seminer, konferans gibi e\u011fitim \u00e7al\u0131\u015fmalar\u0131 yap\u0131ls\u0131n!<\/p>\r\n\r\n\r\n\r\n<p>\u2022 D\u00f6rt duvar aras\u0131nda s\u0131k\u0131\u015f\u0131p kalan, unutulan ya\u015fl\u0131lar de\u011fil; ya\u015famdan zevk alan bilgi ve deneyimlerine ba\u015fvurulan enerjik ya\u015fl\u0131lar olal\u0131m!<\/p>\r\n\r\n\r\n\r\n<p>\u2022 \u0130nsana insan\u0131n hak etti\u011fi de\u011fer verilsin!<\/p>\r\n\r\n\r\n\r\n<figure class=\"wp-block-image size-large\"><img loading=\"lazy\" width=\"992\" height=\"479\" src=\"http:\/\/bahadinyaslanmavakfi.com\/wp-content\/uploads\/2020\/10\/mutlu-bahadin-2-1.png\" alt=\"\" class=\"wp-image-2570\" srcset=\"http:\/\/bahadinyaslanmavakfi.com\/wp-content\/uploads\/2020\/10\/mutlu-bahadin-2-1.png 992w, http:\/\/bahadinyaslanmavakfi.com\/wp-content\/uploads\/2020\/10\/mutlu-bahadin-2-1-300x145.png 300w, http:\/\/bahadinyaslanmavakfi.com\/wp-content\/uploads\/2020\/10\/mutlu-bahadin-2-1-768x371.png 768w\" sizes=\"(max-width: 992px) 100vw, 992px\" \/><\/figure>\r\n","protected":false},"excerpt":{"rendered":"<p>Misyonumuz Ya\u015fl\u0131y\u0131 bak\u0131m\u0131n merkezine koyan, ki\u015fi ve mutluluk odakl\u0131 bak\u0131m modellerini uygulayarak, ya\u015fl\u0131lar\u0131m\u0131z\u0131n mutlu, sayg\u0131n ve ba\u011f\u0131ms\u0131z bir ya\u015fam s\u00fcrmelerini sa\u011flamakt\u0131r. Vizyonumuz Gerontoloji alan\u0131ndaki yenilikleri h\u00fcmanist bak\u0131\u015f a\u00e7\u0131s\u0131yla yorumlayarak misyonumuzun [&hellip;]<\/p>\n","protected":false},"author":1,"featured_media":0,"parent":0,"menu_order":0,"comment_status":"closed","ping_status":"closed","template":"template-fullwidth-noimg.php","meta":[],"translation":{"provider":"WPGlobus","version":"2.8.8","language":"tr","enabled_languages":["en","tr"],"languages":{"en":{"title":true,"content":true,"excerpt":false},"tr":{"title":true,"content":true,"excerpt":false}}},"_links":{"self":[{"href":"http:\/\/bahadinyaslanmavakfi.com\/tr\/wp-json\/wp\/v2\/pages\/2567"}],"collection":[{"href":"http:\/\/bahadinyaslanmavakfi.com\/tr\/wp-json\/wp\/v2\/pages"}],"about":[{"href":"http:\/\/bahadinyaslanmavakfi.com\/tr\/wp-json\/wp\/v2\/types\/page"}],"author":[{"embeddable":true,"href":"http:\/\/bahadinyaslanmavakfi.com\/tr\/wp-json\/wp\/v2\/users\/1"}],"replies":[{"embeddable":true,"href":"http:\/\/bahadinyaslanmavakfi.com\/tr\/wp-json\/wp\/v2\/comments?post=2567"}],"version-history":[{"count":10,"href":"http:\/\/bahadinyaslanmavakfi.com\/tr\/wp-json\/wp\/v2\/pages\/2567\/revisions"}],"predecessor-version":[{"id":2834,"href":"http:\/\/bahadinyaslanmavakfi.com\/tr\/wp-json\/wp\/v2\/pages\/2567\/revisions\/2834"}],"wp:attachment":[{"href":"http:\/\/bahadinyaslanmavakfi.com\/tr\/wp-json\/wp\/v2\/media?parent=2567"}],"curies":[{"name":"wp","href":"https:\/\/api.w.org\/{rel}","templated":true}]}}