{"id":2543,"date":"2020-10-01T09:25:15","date_gmt":"2020-10-01T09:25:15","guid":{"rendered":"http:\/\/bahadinyaslanmavakfi.com\/?page_id=2543"},"modified":"2024-03-15T14:28:23","modified_gmt":"2024-03-15T14:28:23","slug":"elderly-care-personnel","status":"publish","type":"page","link":"http:\/\/bahadinyaslanmavakfi.com\/tr\/elderly-care-personnel\/","title":{"rendered":"YA\u015eLI BAKIM PERSONEL\u0130"},"content":{"rendered":"<p>[vc_row][vc_column][vc_column_text]<\/p>\r\n<blockquote class=\"wp-block-quote\">\r\n<p>Bahad\u0131n Ya\u015flanma Vakf\u0131 personeli, ya\u015fl\u0131lar\u0131m\u0131z\u0131n sa\u011fl\u0131kl\u0131, g\u00fcvenli, aktif ve mutlu ya\u015famlar\u0131n\u0131 sa\u011flamay\u0131 hedeflemektedir. Profesyonel kadrolar\u0131m\u0131z, ya\u015fl\u0131 bak\u0131m\u0131yla ilgili d\u00fcnyada ve T\u00fcrkiye\u2019deki yenilikler ve geli\u015fmeler perspektifinde yeni bilgi ve becerilerle donat\u0131lmalar\u0131 amac\u0131yla s\u00fcrekli e\u011fitime tabi tutulmaktad\u0131r.<\/p>\r\n<p><cite>Bahad\u0131n Ya\u015flanma Vakf\u0131<\/cite><\/p>\r\n<\/blockquote>\r\n<p>\u00a0<\/p>\r\n\r\n<div class=\"wp-block-image\">\r\n<figure class=\"alignleft size-large is-resized\"><img loading=\"lazy\" class=\"alignnone wp-image-3201 size-medium\" src=\"http:\/\/bahadinyaslanmavakfi.com\/wp-content\/uploads\/2024\/03\/NURHAN-HAN-ERDEM-MUDUR-242x300.jpg\" alt=\"\" width=\"242\" height=\"300\" srcset=\"http:\/\/bahadinyaslanmavakfi.com\/wp-content\/uploads\/2024\/03\/NURHAN-HAN-ERDEM-MUDUR-242x300.jpg 242w, http:\/\/bahadinyaslanmavakfi.com\/wp-content\/uploads\/2024\/03\/NURHAN-HAN-ERDEM-MUDUR.jpg 273w\" sizes=\"(max-width: 242px) 100vw, 242px\" \/><\/figure>\r\n<\/div>\r\n<p><strong>Nurhan Han ERDEM<\/strong><br \/>Genel M\u00fcd\u00fcr<\/p>\r\n<p>1992 y\u0131l\u0131nda Hacettepe \u00dcniversitesi Beslenme ve Diyetetik B\u00f6l\u00fcm\u00fc\u2019nden mezun oldu. Bart\u0131n Devlet Hastanesi\u2019nde ve Ankara Sanatoryum Hastanesi\u2019nde, uzun y\u0131llar Diyetisyen olarak \u00e7al\u0131\u015ft\u0131. Mesle\u011fini yapt\u0131\u011f\u0131 s\u00fcrede ulusal ve uluslararas\u0131 bir\u00e7ok kongreye kat\u0131ld\u0131.<br \/>2013 y\u0131l\u0131nda Anadolu \u00dcniversite&#8217;si Foto\u011fraf\u00e7\u0131l\u0131k ve Kameramanl\u0131k b\u00f6l\u00fcm\u00fcnden mezun oldu. Ulusal ve Uluslararas\u0131 platformlarda foto\u011fraf g\u00f6sterileri ve foto\u011fraflar\u0131 ile yer alm\u0131\u015ft\u0131r. Bas\u0131l\u0131 ve sanal ortamda foto\u011fraf ve insana dair yaz\u0131lar yazmaktad\u0131r. Ankara\u2019da huzurevleri ve Geriatri Fakf\u0131 ile yap\u0131lan projelerde yer alm\u0131\u015ft\u0131r.<\/p>\r\n<p>\u00a0<\/p>\r\n<hr class=\"wp-block-separator\" \/>\r\n<p>\u00a0<\/p>\r\n\r\n<div class=\"wp-block-image\">\r\n<figure class=\"alignleft size-large is-resized\"><img loading=\"lazy\" class=\"alignnone wp-image-3207 size-medium\" src=\"http:\/\/bahadinyaslanmavakfi.com\/wp-content\/uploads\/2024\/03\/SEDANUR-SARI-225x300.jpg\" alt=\"\" width=\"225\" height=\"300\" srcset=\"http:\/\/bahadinyaslanmavakfi.com\/wp-content\/uploads\/2024\/03\/SEDANUR-SARI-225x300.jpg 225w, http:\/\/bahadinyaslanmavakfi.com\/wp-content\/uploads\/2024\/03\/SEDANUR-SARI.jpg 600w\" sizes=\"(max-width: 225px) 100vw, 225px\" \/><\/figure>\r\n<\/div>\r\n<p><strong>Sedanur SARI<\/strong><br \/>Ya\u015fl\u0131 Bak\u0131m Teknikeri<\/p>\r\n<p>2002 y\u0131l\u0131nda do\u011fdum. \u00c7ekerek Fuat Oktay SHMYO\u2019dan mezunum. \u0130lk i\u015f deneyimim ama bak\u0131ma ihtiyac\u0131 olan ve belirli ya\u015f \u00fczerindeki insanlarla ilgilenmeyi seviyorum ve i\u015fimden memnunum.<\/p>\r\n<p>\u00a0<\/p>\r\n<hr class=\"wp-block-separator\" \/>\r\n<p>\u00a0<\/p>\r\n\r\n<div class=\"wp-block-image\">\r\n<figure class=\"alignleft size-large is-resized\"><img loading=\"lazy\" class=\"alignnone wp-image-3189 size-medium\" src=\"http:\/\/bahadinyaslanmavakfi.com\/wp-content\/uploads\/2024\/03\/ERTUGRUL-KURU-GENEL-KOORDINATOR-HEMSIRE-238x300.jpg\" alt=\"\" width=\"238\" height=\"300\" srcset=\"http:\/\/bahadinyaslanmavakfi.com\/wp-content\/uploads\/2024\/03\/ERTUGRUL-KURU-GENEL-KOORDINATOR-HEMSIRE-238x300.jpg 238w, http:\/\/bahadinyaslanmavakfi.com\/wp-content\/uploads\/2024\/03\/ERTUGRUL-KURU-GENEL-KOORDINATOR-HEMSIRE.jpg 271w\" sizes=\"(max-width: 238px) 100vw, 238px\" \/><\/figure>\r\n<\/div>\r\n\r\n<p><strong>Ertu\u011frul KORU<\/strong><br \/>Hem\u015fire<\/p>\r\n<p>1996&#8217;da Yozgat&#8217;ta do\u011fdum. \u00dcniversite y\u0131llar\u0131na kadar Bahad\u0131n okudum. \u0130lk \u00fcniversitem Ankara \u00dcniversitesi DTCF Edebiyat b\u00f6l\u00fcm\u00fcn\u00fc yar\u0131da b\u0131rakarak, \u0130stanbul Ni\u015fanta\u015f\u0131 \u00dcniversitesi Diyaliz Hem\u015fireli\u011fi b\u00f6l\u00fcm\u00fcnden mezun oldum. \u015euan \u0130stanbul \u00dcniversitesi Uzaktan E\u011fitim program\u0131nda Sosyal Hizmetler b\u00f6l\u00fcm\u00fcnde e\u011fitimim s\u00fcrmekte. Sorgun Devlet Hastanesi&#8217;nde sa\u011fl\u0131k stajlar\u0131m\u0131 tamamlad\u0131m. \u0130stanbul Gaziosmanpa\u015fa Avrasya Hastanesi&#8217;nde yo\u011fun bak\u0131m, diyaliz ve vip hasta bak\u0131m\u0131. Apex T\u0131p Merkezi&#8217;nde Vip hasta bak\u0131m\u0131 ve servis hem\u015fireli\u011fi g\u00f6revlerinde bulundum. Bak\u0131rk\u00f6y sa\u011fl\u0131k kabininde evde sa\u011fl\u0131k hizmeti k\u0131sm\u0131nda \u00e7al\u0131\u015ft\u0131m. Bahad\u0131n&#8217;\u0131 ve Bahad\u0131na dair olan her \u015feyi seviyorum. Alan\u0131ma dair i\u015f olana\u011f\u0131 olu\u015ftu\u011fu ve ya\u015fl\u0131larla da aram\u0131n iyi olmas\u0131 ve onlarla ilgilenmeyi sevdi\u011fimden kaynakl\u0131 ba\u015fvurumu yapt\u0131m ve Bahad\u0131n Ya\u015flanma Vakf\u0131nda \u00e7al\u0131\u015fmaya ba\u015flad\u0131m. Bahad\u0131n Ya\u015flanma Vakf\u0131n\u0131n ileriye d\u00f6n\u00fck \u00e7ok daha fazla geli\u015fece\u011fine inan\u0131yorum.<\/p>\r\n<p><!-- \/wp:paragraph -->\u00a0<\/p>\r\n<!-- wp:separator --><hr class=\"wp-block-separator\" \/>\r\n<p><!-- \/wp:separator -->\u00a0<\/p>\r\n<!-- wp:image {\"align\":\"left\",\"id\":2724,\"width\":129,\"height\":163,\"sizeSlug\":\"large\"} -->\r\n<div class=\"wp-block-image\">\r\n<figure class=\"alignleft size-large is-resized\"><img loading=\"lazy\" class=\"wp-image-2724\" src=\"http:\/\/bahadinyaslanmavakfi.com\/wp-content\/uploads\/2024\/03\/GUL-AKYOL-ON-MUHASEBE-238x300.jpg\" alt=\"\" width=\"129\" height=\"163\" \/><\/figure>\r\n<\/div>\r\n<!-- \/wp:image -->\r\n<p><!-- wp:paragraph --><strong>G\u00dcL AKYOL<\/strong><br \/>Muhasebe<\/p>\r\n<!-- \/wp:paragraph -->\r\n<p><!-- wp:paragraph -->2006 y\u0131l\u0131nda Gazi \u00dcniversitesi, Mesleki e\u011fitim Fak\u00fcltesi , Uygulamal\u0131 Sanatlar Anabilim Dal\u0131, Grafik Tasar\u0131m \u00d6\u011fretmenli\u011fi b\u00f6l\u00fcm\u00fcnden mezun oldu. 2010 y\u0131l\u0131na kadar kitap mizanpaj tasar\u0131m\u0131, Kitap resimleme, dekorasyon ,relief alanlar\u0131nda sanatsal \u00e7al\u0131\u015fmalar y\u00fcr\u00fctt\u00fc. 2010 y\u0131l\u0131ndan 2020 y\u0131l\u0131na kadar kurumsal bir firmada \u00f6n muhasebe, i\u015fg\u00fcvenlik uzmanl\u0131\u011f\u0131, koordinat\u00f6rl\u00fc\u011f\u00fc , idari amirlik ile personel \u015fefli\u011fi g\u00f6revlerini ger\u00e7ekle\u015ftirdi. 2020 y\u0131l\u0131nda Bahad\u0131n Kasabas\u0131na yerle\u015fti. Organik tar\u0131m \u00fczerine \u00e7al\u0131\u015fmalar yapt\u0131. 2023 y\u0131l\u0131 ekim ay\u0131ndan itibaren Bahad\u0131n Ya\u015flanma Vakf\u0131n\u0131n Muhasebe biriminde \u00e7al\u0131\u015fmaktad\u0131r&#8230; 1997 Senesinden bu zamana sosyal sorumluluk projelerinde g\u00f6n\u00fcll\u00fc olarak yer almaktad\u0131r&#8230;.<\/p>\r\n<p><!-- \/wp:paragraph -->\u00a0<\/p>\r\n<!-- wp:separator --><hr class=\"wp-block-separator\" \/>\r\n<p><!-- \/wp:separator -->\u00a0<\/p>\r\n<!-- wp:image {\"align\":\"left\",\"id\":2724,\"width\":129,\"height\":163,\"sizeSlug\":\"large\"} -->\r\n<div class=\"wp-block-image\">\r\n<figure class=\"alignleft size-large is-resized\"><img loading=\"lazy\" class=\"wp-image-2724\" src=\"http:\/\/bahadinyaslanmavakfi.com\/wp-content\/uploads\/2020\/10\/photo-selda-ayyildiz.jpg\" alt=\"\" width=\"129\" height=\"163\" srcset=\"http:\/\/bahadinyaslanmavakfi.com\/wp-content\/uploads\/2020\/10\/photo-selda-ayyildiz.jpg 271w, http:\/\/bahadinyaslanmavakfi.com\/wp-content\/uploads\/2020\/10\/photo-selda-ayyildiz-238x300.jpg 238w\" sizes=\"(max-width: 129px) 100vw, 129px\" \/><\/figure>\r\n<\/div>\r\n<!-- \/wp:image -->\r\n<p><!-- wp:paragraph --><strong>Selda AYYILDIZ<\/strong><br \/>A\u015f\u00e7\u0131<\/p>\r\n<!-- \/wp:paragraph -->\r\n<p><!-- wp:paragraph -->1974 Bahad\u0131n do\u011fumluyum. \u0130lkokul mezunuyum. \u0130\u015f-kur \u00fczerinden Bahad\u0131n Belediyesi dahil \u00e7e\u015fitli kurumlarda \u00e7al\u0131\u015ft\u0131m. Bahad\u0131n Ya\u015flanma Vakf\u0131\u2019nda \u00e7al\u0131\u015fmaktan mutluyum. \u00c7\u00fcnk\u00fc ya\u015fl\u0131larla ilgilenmek, onlar\u0131n ihtiya\u00e7lar\u0131n\u0131 gidermek bana huzur veriyor. Ya\u015fl\u0131lar\u0131m\u0131z\u0131n vak\u0131f binas\u0131nda ya da evlerinde sa\u011fl\u0131kl\u0131 beslenmelerini \u00f6nemsemekteyim.<\/p>\r\n<p><!-- \/wp:paragraph -->\u00a0<\/p>\r\n<!-- wp:separator --><hr class=\"wp-block-separator\" \/>\r\n<p><!-- \/wp:separator -->\u00a0<\/p>\r\n<!-- wp:image {\"align\":\"left\",\"id\":2724,\"width\":129,\"height\":163,\"sizeSlug\":\"large\"} -->\r\n<div class=\"wp-block-image\">\r\n<figure class=\"alignleft size-large is-resized\"><img loading=\"lazy\" class=\"wp-image-2724\" src=\"http:\/\/bahadinyaslanmavakfi.com\/wp-content\/uploads\/2022\/07\/WhatsApp-Image-2022-07-24-at-15.34.22-218x300.jpeg\" alt=\"\" width=\"129\" height=\"163\" \/><\/figure>\r\n<\/div>\r\n<!-- \/wp:image -->\r\n<p><!-- wp:paragraph --><strong>Saliha DEM\u0130RCAN<\/strong><br \/>A\u015f\u00e7\u0131 Yard\u0131mc\u0131s\u0131<\/p>\r\n<!-- \/wp:paragraph -->\r\n<p><!-- wp:paragraph -->1984&#8217;de Bahad\u0131n da do\u011fdum. Bahad\u0131n \u00c7ok Programl\u0131 Lisesi&#8217;nden mezun oldum. \u0130\u015f program\u0131 kapsam\u0131nda Bahad\u0131n Belediyesi&#8217;nde mutfak \/ \u00e7ay oca\u011f\u0131 b\u00f6l\u00fcm\u00fcnde \u00e7al\u0131\u015ft\u0131m. Bahad\u0131n Ya\u015flanma Vakf\u0131 a\u00e7\u0131ld\u0131ktan sonra burada \u00e7al\u0131\u015fmay\u0131 istedim ve ba\u015fvurumu yapt\u0131m. \u015euan Bahad\u0131n Ya\u015flanma Vakf\u0131n\u0131n mutfak b\u00f6l\u00fcm\u00fcnde a\u015f\u00e7\u0131 yard\u0131mc\u0131s\u0131 olarak \u00e7al\u0131\u015fmaktay\u0131m. Ya\u015fl\u0131lar\u0131 \u00e7ok seviyorum. \u0130\u015fimi severek yap\u0131yorum.<\/p>\r\n<p><!-- \/wp:paragraph -->\u00a0<\/p>\r\n<!-- wp:separator --><hr class=\"wp-block-separator\" \/><!-- \/wp:separator --><!-- \/wp:paragraph -->\r\n<div class=\"wp-block-image\">\r\n<figure class=\"alignleft size-large is-resized\"><!-- wp:separator --><img loading=\"lazy\" class=\"wp-image-2726\" src=\"http:\/\/bahadinyaslanmavakfi.com\/wp-content\/uploads\/2020\/10\/photo-sinan-ulusal.jpg\" alt=\"\" width=\"139\" height=\"175\" srcset=\"http:\/\/bahadinyaslanmavakfi.com\/wp-content\/uploads\/2020\/10\/photo-sinan-ulusal.jpg 271w, http:\/\/bahadinyaslanmavakfi.com\/wp-content\/uploads\/2020\/10\/photo-sinan-ulusal-238x300.jpg 238w\" sizes=\"(max-width: 139px) 100vw, 139px\" \/><\/figure>\r\n<\/div>\r\n<!-- \/wp:image -->\r\n<p><!-- wp:paragraph --><strong>Sinan ULUSAL<\/strong><br \/>Bah\u00e7\u0131van<\/p>\r\n<!-- \/wp:paragraph -->\r\n<p><!-- wp:paragraph -->1979\u00a0 Bahad\u0131n do\u011fumluyum. Lise mezunuyum. Ankara\u2019da \u00e7e\u015fitli sekt\u00f6rlerde \u00e7al\u0131\u015ft\u0131ktan sonra 2014-2019 y\u0131llar\u0131 aras\u0131nda Bahad\u0131n Ayd\u0131nlar Mahallesi muhtarl\u0131\u011f\u0131 yapt\u0131m. Bahad\u0131n Ya\u015flanma Vakf\u0131\u2019nda bah\u00e7\u0131van olarak \u00e7al\u0131\u015fmaktan keyif al\u0131yorum. Mizac\u0131m ya\u015fl\u0131larla ilgilenmeye uygundur. Ayr\u0131ca bah\u00e7e i\u015flerine \u00f6zel bir e\u011filimim var. Ya\u015fl\u0131 bak\u0131m merkezimizin \u00f6zel y\u00fcr\u00fcy\u00fc\u015f yollar\u0131yla, oturma alanlar\u0131yla, a\u011fa\u00e7lar\u0131, \u00e7i\u00e7ekleri, ye\u015filiyle geni\u015f ve g\u00fczel bir bah\u00e7esi var. Ya\u015fl\u0131lar\u0131m\u0131z\u0131n bah\u00e7ede keyifli ve hareketli vakit ge\u00e7irmesi, aktif ya\u015flanmalar\u0131na hizmet etmektedir. Kendilerine ait hobi bah\u00e7elerinde de ya\u015fl\u0131lar\u0131m\u0131z bizzat toprak ve do\u011fayla u\u011fra\u015fma imkan\u0131 bulmaktad\u0131rlar.<\/p>\r\n<p><!-- \/wp:paragraph -->\u00a0<\/p>\r\n<!-- wp:separator --><hr class=\"wp-block-separator\" \/>\r\n<p><!-- \/wp:separator -->\u00a0<\/p>\r\n<!-- wp:image {\"align\":\"left\",\"id\":2723,\"width\":135,\"height\":170,\"sizeSlug\":\"large\"} -->\r\n<div class=\"wp-block-image\">\r\n<figure class=\"alignleft size-large is-resized\"><img loading=\"lazy\" class=\"wp-image-2723\" src=\"http:\/\/bahadinyaslanmavakfi.com\/wp-content\/uploads\/2020\/10\/photo-ozan-ibrahim-kocak.jpg\" alt=\"\" width=\"135\" height=\"170\" srcset=\"http:\/\/bahadinyaslanmavakfi.com\/wp-content\/uploads\/2020\/10\/photo-ozan-ibrahim-kocak.jpg 271w, http:\/\/bahadinyaslanmavakfi.com\/wp-content\/uploads\/2020\/10\/photo-ozan-ibrahim-kocak-238x300.jpg 238w\" sizes=\"(max-width: 135px) 100vw, 135px\" \/><\/figure>\r\n<\/div>\r\n<!-- \/wp:image -->\r\n<p><!-- wp:paragraph --><strong>Ozan \u0130brahim KO\u00c7AK<\/strong><br \/>Hizmetli<\/p>\r\n<!-- \/wp:paragraph -->\r\n<p><!-- wp:paragraph -->1985 Bahad\u0131n do\u011fumluyum. Lise mezunuyum. 15 y\u0131l Ankara\u2019da elektrik-elektronik sekt\u00f6r\u00fcnde \u00e7al\u0131\u015ft\u0131m. Ya\u015fl\u0131larla ileti\u015fime ge\u00e7mek ve empati kurabilmek ad\u0131na Bahad\u0131n Ya\u015flanma Vakf\u0131\u2019nda \u00e7al\u0131\u015fmak istedim. Ya\u015fl\u0131lar\u0131m\u0131z\u0131n evlerinde ve merkezimizde hijyenik bir ortamda ya\u015famalar\u0131n\u0131 sa\u011flamaya y\u00f6nelik \u00e7al\u0131\u015fmalar yapmaktay\u0131m.<\/p>\r\n<p><!-- \/wp:paragraph -->\u00a0<\/p>\r\n<!-- wp:separator --><hr class=\"wp-block-separator\" \/>\r\n<p><!-- \/wp:separator -->\u00a0<\/p>\r\n<!-- wp:image {\"align\":\"left\",\"id\":2723,\"width\":135,\"height\":170,\"sizeSlug\":\"large\"} -->\r\n<div class=\"wp-block-image\">\r\n<figure class=\"alignleft size-large is-resized\"><img loading=\"lazy\" class=\"alignnone wp-image-3186 size-medium\" src=\"http:\/\/bahadinyaslanmavakfi.com\/wp-content\/uploads\/2024\/03\/AYNUR-GUVENC-TEMIZLIK-BIRIMI-238x300.jpg\" alt=\"\" width=\"238\" height=\"300\" srcset=\"http:\/\/bahadinyaslanmavakfi.com\/wp-content\/uploads\/2024\/03\/AYNUR-GUVENC-TEMIZLIK-BIRIMI-238x300.jpg 238w, http:\/\/bahadinyaslanmavakfi.com\/wp-content\/uploads\/2024\/03\/AYNUR-GUVENC-TEMIZLIK-BIRIMI.jpg 271w\" sizes=\"(max-width: 238px) 100vw, 238px\" \/><\/figure>\r\n<\/div>\r\n<!-- \/wp:image -->\r\n<p><!-- wp:paragraph --><strong>Aynur G\u00dcVEN\u00c7<\/strong><br \/>Hizmetli<\/p>\r\n<p><!-- wp:paragraph -->1989, Mu\u015f-Malazgirt do\u011fumluyum. Okuma\/Yazma kursundan mezunum. Daha \u00f6nceden ya\u015fl\u0131 bak\u0131m\u0131 ile ilgili deneyimlerim oldu. Ya\u015fl\u0131lar\u0131 sevdi\u011fim i\u00e7in ve onlar\u0131n ufak bir mutlulu\u011fu bile beni de mutlu etti\u011fi i\u00e7in bende bu aileye kat\u0131lmak istedim. \u0130\u015fimden memnunum ve severek yap\u0131yorum.<\/p>\r\n<p><!-- \/wp:paragraph -->\u00a0<\/p>\r\n<!-- wp:separator --><hr class=\"wp-block-separator\" \/>\r\n<p><!-- \/wp:separator -->\u00a0<\/p>\r\n<!-- wp:image {\"align\":\"left\",\"id\":2723,\"width\":135,\"height\":170,\"sizeSlug\":\"large\"} -->\r\n<div class=\"wp-block-image\">\r\n<figure class=\"alignleft size-large is-resized\"><img loading=\"lazy\" class=\"alignnone wp-image-3205 size-medium\" src=\"http:\/\/bahadinyaslanmavakfi.com\/wp-content\/uploads\/2024\/03\/SEDA-TUGRUL-240x300.jpg\" alt=\"\" width=\"240\" height=\"300\" srcset=\"http:\/\/bahadinyaslanmavakfi.com\/wp-content\/uploads\/2024\/03\/SEDA-TUGRUL-240x300.jpg 240w, http:\/\/bahadinyaslanmavakfi.com\/wp-content\/uploads\/2024\/03\/SEDA-TUGRUL.jpg 539w\" sizes=\"(max-width: 240px) 100vw, 240px\" \/><\/figure>\r\n<\/div>\r\n<!-- \/wp:image -->\r\n<p><!-- wp:paragraph --><strong>Seda TU\u011eRUL<\/strong><br \/>Hizmetli<\/p>\r\n<p><!-- wp:paragraph -->1988 Yozgat do\u011fumluyum. Lise mezunuyum. Ankara&#8217;da kald\u0131\u011f\u0131m s\u00fcre\u00e7te 3 y\u0131l exper \u015firketinde \u00e7al\u0131\u015ft\u0131m..1,5 y\u0131ld\u0131r Bahad\u0131n Ya\u015flanma Vakf\u0131nda \u00e7al\u0131\u015fmaktay\u0131m. Ya\u015fl\u0131lar\u0131m\u0131z\u0131 ve onlarla ilgilenmeyi \u00e7ok seviyorum.<\/p>\r\n<p><!-- \/wp:paragraph -->\u00a0<\/p>\r\n<!-- wp:separator --><hr class=\"wp-block-separator\" \/>\r\n<p><!-- \/wp:separator -->\u00a0<\/p>\r\n<!-- wp:image {\"align\":\"left\",\"id\":2727,\"width\":111,\"height\":140,\"sizeSlug\":\"large\"} -->\r\n<div class=\"wp-block-image\">\r\n<figure class=\"alignleft size-large is-resized\"><img loading=\"lazy\" class=\"wp-image-2727\" src=\"http:\/\/bahadinyaslanmavakfi.com\/wp-content\/uploads\/2020\/10\/photo-mehmet-akturk-1.jpg\" alt=\"\" width=\"111\" height=\"140\" srcset=\"http:\/\/bahadinyaslanmavakfi.com\/wp-content\/uploads\/2020\/10\/photo-mehmet-akturk-1.jpg 271w, http:\/\/bahadinyaslanmavakfi.com\/wp-content\/uploads\/2020\/10\/photo-mehmet-akturk-1-238x300.jpg 238w\" sizes=\"(max-width: 111px) 100vw, 111px\" \/><\/figure>\r\n<\/div>\r\n<!-- \/wp:image -->\r\n<p><!-- wp:paragraph --><strong>Mehmet AKT\u00dcRK<\/strong><br \/>Sat\u0131n Alma Sorumlusu<\/p>\r\n<!-- \/wp:paragraph -->\r\n<p><!-- wp:paragraph -->1955 Bahad\u0131n do\u011fumluyum. Anadolu \u00dcniversitesi i\u015f idaresi b\u00f6l\u00fcm\u00fc mezunuyum. Hacettepe \u00dcniversitesi Beytepe kamp\u00fcs\u00fcnde idare amiri olarak ve Ortado\u011fu Teknik \u00dcniversitesi Makine M\u00fchendisli\u011fi b\u00f6l\u00fcm\u00fcnde m\u00fcd\u00fcr olarak \u00e7al\u0131\u015ft\u0131m ve ayn\u0131 kurumdan emekli oldum. 2014 \u2013 2019 y\u0131llar\u0131 aras\u0131nda Bahad\u0131n Belediyesi meclis \u00fcyeli\u011fi ve belediye ba\u015fkan yard\u0131mc\u0131l\u0131\u011f\u0131 yapt\u0131m. Bahad\u0131n Ya\u015flanma Vakf\u0131\u2019n\u0131n kurulu\u015fundan bu yana faaliyetleri i\u00e7erisinde bulundum. \u00d6zellikle ya\u015flanma merkezinin ve bah\u00e7esinin olu\u015fumunda sorumlulu\u011fu bizzat \u00fcstlendim. Bu emeklerden sonra amac\u0131 ve faaliyeti g\u00fczel bir vak\u0131f olan Bahad\u0131n Ya\u015flanma Vakf\u0131\u2019nda aktif bir \u015fekilde g\u00f6rev almaktan mutluluk duyuyorum.<\/p>\r\n<p><!-- \/wp:paragraph -->\u00a0<\/p>\r\n<p>[\/vc_column_text][\/vc_column][\/vc_row]<\/p>","protected":false},"excerpt":{"rendered":"<p>[vc_row][vc_column][vc_column_text] Bahad\u0131n Ya\u015flanma Vakf\u0131 personeli, ya\u015fl\u0131lar\u0131m\u0131z\u0131n sa\u011fl\u0131kl\u0131, g\u00fcvenli, aktif ve mutlu ya\u015famlar\u0131n\u0131 sa\u011flamay\u0131 hedeflemektedir. Profesyonel kadrolar\u0131m\u0131z, ya\u015fl\u0131 bak\u0131m\u0131yla ilgili d\u00fcnyada ve T\u00fcrkiye\u2019deki yenilikler ve geli\u015fmeler perspektifinde yeni bilgi ve becerilerle [&hellip;]<\/p>\n","protected":false},"author":1,"featured_media":0,"parent":0,"menu_order":0,"comment_status":"closed","ping_status":"closed","template":"template-fullwidth-noimg.php","meta":[],"translation":{"provider":"WPGlobus","version":"2.8.8","language":"tr","enabled_languages":["en","tr"],"languages":{"en":{"title":true,"content":true,"excerpt":false},"tr":{"title":true,"content":true,"excerpt":false}}},"_links":{"self":[{"href":"http:\/\/bahadinyaslanmavakfi.com\/tr\/wp-json\/wp\/v2\/pages\/2543"}],"collection":[{"href":"http:\/\/bahadinyaslanmavakfi.com\/tr\/wp-json\/wp\/v2\/pages"}],"about":[{"href":"http:\/\/bahadinyaslanmavakfi.com\/tr\/wp-json\/wp\/v2\/types\/page"}],"author":[{"embeddable":true,"href":"http:\/\/bahadinyaslanmavakfi.com\/tr\/wp-json\/wp\/v2\/users\/1"}],"replies":[{"embeddable":true,"href":"http:\/\/bahadinyaslanmavakfi.com\/tr\/wp-json\/wp\/v2\/comments?post=2543"}],"version-history":[{"count":67,"href":"http:\/\/bahadinyaslanmavakfi.com\/tr\/wp-json\/wp\/v2\/pages\/2543\/revisions"}],"predecessor-version":[{"id":3217,"href":"http:\/\/bahadinyaslanmavakfi.com\/tr\/wp-json\/wp\/v2\/pages\/2543\/revisions\/3217"}],"wp:attachment":[{"href":"http:\/\/bahadinyaslanmavakfi.com\/tr\/wp-json\/wp\/v2\/media?parent=2543"}],"curies":[{"name":"wp","href":"https:\/\/api.w.org\/{rel}","templated":true}]}}