{"id":2512,"date":"2020-10-01T08:36:23","date_gmt":"2020-10-01T08:36:23","guid":{"rendered":"http:\/\/bahadinyaslanmavakfi.com\/?page_id=2512"},"modified":"2022-07-21T15:49:23","modified_gmt":"2022-07-21T15:49:23","slug":"student-internship-program","status":"publish","type":"page","link":"http:\/\/bahadinyaslanmavakfi.com\/tr\/student-internship-program\/","title":{"rendered":"\u00d6\u011frenci Staj Program\u0131"},"content":{"rendered":"<div class=\"post-entry\">\n<div class=\"post-entry\">\n<p>Bu sayfa g\u00fcncellenecektir.<\/p>\n<\/div>\n<\/div>\n","protected":false},"excerpt":{"rendered":"<p>Bu sayfa g\u00fcncellenecektir.<\/p>\n","protected":false},"author":1,"featured_media":0,"parent":0,"menu_order":0,"comment_status":"closed","ping_status":"closed","template":"template-fullwidth-norevoimage.php","meta":[],"translation":{"provider":"WPGlobus","version":"2.8.8","language":"tr","enabled_languages":["en","tr"],"languages":{"en":{"title":true,"content":true,"excerpt":false},"tr":{"title":true,"content":true,"excerpt":false}}},"_links":{"self":[{"href":"http:\/\/bahadinyaslanmavakfi.com\/tr\/wp-json\/wp\/v2\/pages\/2512"}],"collection":[{"href":"http:\/\/bahadinyaslanmavakfi.com\/tr\/wp-json\/wp\/v2\/pages"}],"about":[{"href":"http:\/\/bahadinyaslanmavakfi.com\/tr\/wp-json\/wp\/v2\/types\/page"}],"author":[{"embeddable":true,"href":"http:\/\/bahadinyaslanmavakfi.com\/tr\/wp-json\/wp\/v2\/users\/1"}],"replies":[{"embeddable":true,"href":"http:\/\/bahadinyaslanmavakfi.com\/tr\/wp-json\/wp\/v2\/comments?post=2512"}],"version-history":[{"count":3,"href":"http:\/\/bahadinyaslanmavakfi.com\/tr\/wp-json\/wp\/v2\/pages\/2512\/revisions"}],"predecessor-version":[{"id":2923,"href":"http:\/\/bahadinyaslanmavakfi.com\/tr\/wp-json\/wp\/v2\/pages\/2512\/revisions\/2923"}],"wp:attachment":[{"href":"http:\/\/bahadinyaslanmavakfi.com\/tr\/wp-json\/wp\/v2\/media?parent=2512"}],"curies":[{"name":"wp","href":"https:\/\/api.w.org\/{rel}","templated":true}]}}