{"id":2509,"date":"2020-10-01T08:34:05","date_gmt":"2020-10-01T08:34:05","guid":{"rendered":"http:\/\/bahadinyaslanmavakfi.com\/?page_id=2509"},"modified":"2022-07-21T15:47:26","modified_gmt":"2022-07-21T15:47:26","slug":"education-studies-on-old-age","status":"publish","type":"page","link":"http:\/\/bahadinyaslanmavakfi.com\/tr\/education-studies-on-old-age\/","title":{"rendered":"YA\u015eLILIK E\u011e\u0130T\u0130M \u00c7ALI\u015eMALARI"},"content":{"rendered":"<div class=\"post-entry\">\n<p>Bu sayfa g\u00fcncellenecektir.<\/p>\n<\/div>\n","protected":false},"excerpt":{"rendered":"<p>Bu sayfa g\u00fcncellenecektir.<\/p>\n","protected":false},"author":1,"featured_media":0,"parent":0,"menu_order":0,"comment_status":"closed","ping_status":"closed","template":"template-fullwidth-norevoimage.php","meta":[],"translation":{"provider":"WPGlobus","version":"2.8.8","language":"tr","enabled_languages":["en","tr"],"languages":{"en":{"title":true,"content":true,"excerpt":false},"tr":{"title":true,"content":true,"excerpt":false}}},"_links":{"self":[{"href":"http:\/\/bahadinyaslanmavakfi.com\/tr\/wp-json\/wp\/v2\/pages\/2509"}],"collection":[{"href":"http:\/\/bahadinyaslanmavakfi.com\/tr\/wp-json\/wp\/v2\/pages"}],"about":[{"href":"http:\/\/bahadinyaslanmavakfi.com\/tr\/wp-json\/wp\/v2\/types\/page"}],"author":[{"embeddable":true,"href":"http:\/\/bahadinyaslanmavakfi.com\/tr\/wp-json\/wp\/v2\/users\/1"}],"replies":[{"embeddable":true,"href":"http:\/\/bahadinyaslanmavakfi.com\/tr\/wp-json\/wp\/v2\/comments?post=2509"}],"version-history":[{"count":3,"href":"http:\/\/bahadinyaslanmavakfi.com\/tr\/wp-json\/wp\/v2\/pages\/2509\/revisions"}],"predecessor-version":[{"id":2921,"href":"http:\/\/bahadinyaslanmavakfi.com\/tr\/wp-json\/wp\/v2\/pages\/2509\/revisions\/2921"}],"wp:attachment":[{"href":"http:\/\/bahadinyaslanmavakfi.com\/tr\/wp-json\/wp\/v2\/media?parent=2509"}],"curies":[{"name":"wp","href":"https:\/\/api.w.org\/{rel}","templated":true}]}}