{"id":1825,"date":"2016-07-13T17:11:43","date_gmt":"2016-07-13T17:11:43","guid":{"rendered":"http:\/\/bahadinyaslanmavakfi.com\/?page_id=1825"},"modified":"2022-07-26T08:36:57","modified_gmt":"2022-07-26T08:36:57","slug":"our-services","status":"publish","type":"page","link":"http:\/\/bahadinyaslanmavakfi.com\/tr\/our-services\/","title":{"rendered":"Hizmetlerimiz"},"content":{"rendered":"<p>[vc_row][vc_column]\n\n    <main             class=\"main masked   main-about2  parallax\"\n            data-stellar-background-ratio=\"0.7\">\n        <div class=\"opener\">\n            <div class=\"container\">\n                <div class=\"row\">\n                    <h1>H\u0130ZMETLER\u0130M\u0130Z<\/h1>\n\n                    <h2>Hizmet Paketleri<\/h2>\n                <\/div>\n            <\/div>\n        <\/div>\n    <\/main>\n\n\n\t\n\n    <section             class=\"about  section\">\n        <div class=\"container\">\n            <div class=\"row\">\n                <header class=\"text-center col-md-8 col-md-offset-2\">\n\t\t\t\t\t                    <p>Bahad\u0131n Ya\u015flanma Vakf\u0131, Bahad\u0131n ve \u00e7evresi sakinlerine aktif ya\u015flanma bilincinin yerle\u015fmesi i\u00e7in gerekli hizmetleri vermektedir. Bu hizmetlerin a\u015fa\u011f\u0131da belirtilen \u015fekliyle uygulanmas\u0131n\u0131 sa\u011flayarak 55 ya\u015f ve \u00fczerindeki b\u00fct\u00fcn bireylerin aktif ve sa\u011fl\u0131kl\u0131 ya\u015flanmas\u0131na katk\u0131da bulunarak ``Mutlu Ya\u015fl\u0131l\u0131k``\u0131n ya\u015fama ge\u00e7irilmesini sa\u011flamaktad\u0131r. Bahad\u0131n Ya\u015flanma Vakf\u0131 e\u011fitimli ve uzman kadrosuyla ya\u015fl\u0131lar\u0131m\u0131z\u0131n hizmetindedir. Bahad\u0131n&#039;da art\u0131k herkes kendini g\u00fcvende, sayg\u0131n ve ba\u011f\u0131ms\u0131z hissedecektir.<\/p>\n                <\/header>\n            <\/div>\n        <\/div>\n        <div class=\"section-content\">\n\n            <div class=\"clearfix\">\n                <div class=\"col-md-6 col-lg-6 wow fadeInLeft\">\n\t\t\t\t\t                        <div class=\"img-frame md-pull-right\">\n                            <img alt=\"\" class=\"center-block img-responsive\" src=\"http:\/\/bahadinyaslanmavakfi.com\/wp-content\/uploads\/2020\/09\/services-1-570x650.png\"><\/div>\n\t\t\t\t\t                <\/div>\n                <div class=\"col-about-margin col-md-6 col-lg-6\">\n                    <h2 class=\"about-title\">H\u0130ZMET PAKETLER\u0130<\/h2>\n\n                    <div class=\"col-about-content\">\n                        <div class=\"row row-columns\">\n\t\t\t\t\t\t\t                                    <div class=\"column col-sm-6 col-md-12\">\n                                        <div class=\"media-left\">\n                  <span class=\"icon-circle-2 wow bounceIn\">\n                    <i class=\"fa fa fa-user-md\"><\/i>\n                  <\/span>\n                                        <\/div>\n                                        <div class=\"media-right\">\n                                            <h4 class=\"icon-title \">Evde Bak\u0131m Hizmetleri<\/h4>\n\n                                            <p>Evde bak\u0131m hizmetimiz hakk\u0131nda bilgi almak i\u00e7in <a href=\"http:\/\/bahadinyaslanmavakfi.com\/tr\/home-care-services\/\">t\u0131klay\u0131n\u0131z.<\/a><\/p>\n                                        <\/div>\n                                    <\/div>\n\t\t\t\t\t\t\t\t\t                                    <div class=\"column col-sm-6 col-md-12\">\n                                        <div class=\"media-left\">\n                  <span class=\"icon-circle-2 wow bounceIn\">\n                    <i class=\"fa fa fa-building\"><\/i>\n                  <\/span>\n                                        <\/div>\n                                        <div class=\"media-right\">\n                                            <h4 class=\"icon-title \">Ya\u015fl\u0131 Bak\u0131m Merkezinde Bak\u0131m<\/h4>\n\n                                            <p>Ya\u015fl\u0131 bak\u0131m merkezimizde kalacak olan ya\u015fl\u0131lar\u0131m\u0131za ihtiya\u00e7 duyduklar\u0131 her t\u00fcrl\u00fc hizmet verilerek kendilerini g\u00fcvende, huzurlu, sa\u011fl\u0131kl\u0131 ve mutlu bir ya\u015fam sunulmaktad\u0131r.<\/p>\n                                        <\/div>\n                                    <\/div>\n\t\t\t\t\t\t\t\t\t                                    <div class=\"column col-sm-6 col-md-12\">\n                                        <div class=\"media-left\">\n                  <span class=\"icon-circle-2 wow bounceIn\">\n                    <i class=\"fa fa fa-pagelines\"><\/i>\n                  <\/span>\n                                        <\/div>\n                                        <div class=\"media-right\">\n                                            <h4 class=\"icon-title \">Esnek Bak\u0131m Hizmetleri<\/h4>\n\n                                            <p>Kasabada g\u00f6\u00e7 oran\u0131 y\u00fcksek oldu\u011fu i\u00e7in, ya\u015fl\u0131lar senenin belirli aylar\u0131n\u0131 kasabada ge\u00e7irmektedirler. Kasabada kald\u0131\u011f\u0131 s\u00fcrece Ya\u015fl\u0131 Bak\u0131m Merkezi'ne \u00fcye olan birey, kendi evinde kalarak, ihtiyac\u0131na g\u00f6re; mutfak, al\u0131\u015fveri\u015f, ev temizli\u011fi veya sa\u011fl\u0131k bak\u0131m\u0131 alabilmektedir.<\/p>\n                                        <\/div>\n                                    <\/div>\n\t\t\t\t\t\t\t\t\t                        <\/div>\n                    <\/div>\n                <\/div>\n            <\/div>\n\n        <\/div>\n    <\/section>\n\t[\/vc_column][\/vc_row]<\/p>\n","protected":false},"excerpt":{"rendered":"<p>[\/vc_row]<\/p>\n","protected":false},"author":1,"featured_media":0,"parent":0,"menu_order":0,"comment_status":"closed","ping_status":"closed","template":"template-fullwidth-noimg.php","meta":[],"translation":{"provider":"WPGlobus","version":"2.8.8","language":"tr","enabled_languages":["en","tr"],"languages":{"en":{"title":true,"content":true,"excerpt":false},"tr":{"title":true,"content":true,"excerpt":false}}},"_links":{"self":[{"href":"http:\/\/bahadinyaslanmavakfi.com\/tr\/wp-json\/wp\/v2\/pages\/1825"}],"collection":[{"href":"http:\/\/bahadinyaslanmavakfi.com\/tr\/wp-json\/wp\/v2\/pages"}],"about":[{"href":"http:\/\/bahadinyaslanmavakfi.com\/tr\/wp-json\/wp\/v2\/types\/page"}],"author":[{"embeddable":true,"href":"http:\/\/bahadinyaslanmavakfi.com\/tr\/wp-json\/wp\/v2\/users\/1"}],"replies":[{"embeddable":true,"href":"http:\/\/bahadinyaslanmavakfi.com\/tr\/wp-json\/wp\/v2\/comments?post=1825"}],"version-history":[{"count":38,"href":"http:\/\/bahadinyaslanmavakfi.com\/tr\/wp-json\/wp\/v2\/pages\/1825\/revisions"}],"predecessor-version":[{"id":3066,"href":"http:\/\/bahadinyaslanmavakfi.com\/tr\/wp-json\/wp\/v2\/pages\/1825\/revisions\/3066"}],"wp:attachment":[{"href":"http:\/\/bahadinyaslanmavakfi.com\/tr\/wp-json\/wp\/v2\/media?parent=1825"}],"curies":[{"name":"wp","href":"https:\/\/api.w.org\/{rel}","templated":true}]}}